{"id":22788,"date":"2025-03-24T10:28:23","date_gmt":"2025-03-24T10:28:23","guid":{"rendered":"https:\/\/enitajobs.com\/?page_id=22788"},"modified":"2025-03-24T11:41:35","modified_gmt":"2025-03-24T11:41:35","slug":"offres-demploi-btp","status":"publish","type":"page","link":"https:\/\/enitajobs.com\/en\/offres-demploi-btp\/","title":{"rendered":"Offres d\u2019emploi BTP"},"content":{"rendered":"<div data-elementor-type=\"wp-page\" data-elementor-id=\"22788\" class=\"elementor elementor-22788\" data-elementor-post-type=\"page\">\n\t\t\t\t\t\t<section class=\"elementor-section elementor-top-section elementor-element elementor-element-389e656 elementor-section-boxed elementor-section-height-default elementor-section-height-default\" data-id=\"389e656\" data-element_type=\"section\">\n\t\t\t\t\t\t<div class=\"elementor-container elementor-column-gap-default\">\n\t\t\t\t\t<div class=\"elementor-column elementor-col-100 elementor-top-column elementor-element elementor-element-3e76a95\" data-id=\"3e76a95\" data-element_type=\"column\">\n\t\t\t<div class=\"elementor-widget-wrap elementor-element-populated\">\n\t\t\t\t\t\t<div class=\"elementor-element elementor-element-5610f97 elementor-widget elementor-widget-sidebar\" data-id=\"5610f97\" data-element_type=\"widget\" data-widget_type=\"sidebar.default\">\n\t\t\t\t<div class=\"elementor-widget-container\">\n\t\t\t\t\t<aside class=\"widget widget_block\"><\/aside>\t\t\t\t<\/div>\n\t\t\t\t<\/div>\n\t\t\t\t\t<\/div>\n\t\t<\/div>\n\t\t\t\t\t<\/div>\n\t\t<\/section>\n\t\t\t\t<\/div>","protected":false},"excerpt":{"rendered":"<p>Ing\u00e9nieur Charg\u00e9 D&rsquo;Affaires (Maroc) posted 7 jours ago Technicien(ne) Projeteur (Maroc) posted 7 jours ago Conducteur de Travaux H\/F (France) posted 7 jours ago Chef de projet immobilier confirm\u00e9 H\/F (Maroc) posted 7 jours ago Ing\u00e9nieur Achat G\u00e9nie Civil (Maroc) posted 7 jours ago Charg\u00e9 d&rsquo;affaires Ouvrages d&rsquo;Art H\/F (France) posted 7 jours ago Chef [&hellip;]<\/p>","protected":false},"author":2,"featured_media":0,"parent":0,"menu_order":0,"comment_status":"closed","ping_status":"closed","template":"","meta":{"footnotes":""},"class_list":["post-22788","page","type-page","status-publish","hentry"],"_links":{"self":[{"href":"https:\/\/enitajobs.com\/en\/wp-json\/wp\/v2\/pages\/22788","targetHints":{"allow":["GET"]}}],"collection":[{"href":"https:\/\/enitajobs.com\/en\/wp-json\/wp\/v2\/pages"}],"about":[{"href":"https:\/\/enitajobs.com\/en\/wp-json\/wp\/v2\/types\/page"}],"author":[{"embeddable":true,"href":"https:\/\/enitajobs.com\/en\/wp-json\/wp\/v2\/users\/2"}],"replies":[{"embeddable":true,"href":"https:\/\/enitajobs.com\/en\/wp-json\/wp\/v2\/comments?post=22788"}],"version-history":[{"count":23,"href":"https:\/\/enitajobs.com\/en\/wp-json\/wp\/v2\/pages\/22788\/revisions"}],"predecessor-version":[{"id":22822,"href":"https:\/\/enitajobs.com\/en\/wp-json\/wp\/v2\/pages\/22788\/revisions\/22822"}],"wp:attachment":[{"href":"https:\/\/enitajobs.com\/en\/wp-json\/wp\/v2\/media?parent=22788"}],"curies":[{"name":"wp","href":"https:\/\/api.w.org\/{rel}","templated":true}]}}